{"id":2,"date":"2026-02-11T20:47:53","date_gmt":"2026-02-11T20:47:53","guid":{"rendered":"https:\/\/xn--tmrermestermunch-lxb.dk\/?page_id=2"},"modified":"2026-02-12T15:18:32","modified_gmt":"2026-02-12T14:18:32","slug":"sample-page","status":"publish","type":"page","link":"https:\/\/t\u00f8mrermestermunch.dk\/","title":{"rendered":"Alt i t\u00f8mrerarbejde"},"content":{"rendered":"\n<p><strong>Alsidig t\u00f8mrer &#8211; intet projekt er for sm\u00e5t. <\/strong><\/p>\n\n\n\n<figure class=\"wp-block-image size-large\"><img loading=\"lazy\" decoding=\"async\" width=\"1024\" height=\"595\" src=\"https:\/\/xn--tmrermestermunch-lxb.dk\/wp-content\/uploads\/2026\/02\/tomrermester-munch-bil-1-1024x595.jpg\" alt=\"\" class=\"wp-image-10\" srcset=\"https:\/\/xn--tmrermestermunch-lxb.dk\/wp-content\/uploads\/2026\/02\/tomrermester-munch-bil-1-1024x595.jpg 1024w, https:\/\/xn--tmrermestermunch-lxb.dk\/wp-content\/uploads\/2026\/02\/tomrermester-munch-bil-1-300x174.jpg 300w, https:\/\/xn--tmrermestermunch-lxb.dk\/wp-content\/uploads\/2026\/02\/tomrermester-munch-bil-1-768x446.jpg 768w, https:\/\/xn--tmrermestermunch-lxb.dk\/wp-content\/uploads\/2026\/02\/tomrermester-munch-bil-1-1536x893.jpg 1536w, https:\/\/xn--tmrermestermunch-lxb.dk\/wp-content\/uploads\/2026\/02\/tomrermester-munch-bil-1-2048x1191.jpg 2048w\" sizes=\"auto, (max-width: 1024px) 100vw, 1024px\" \/><\/figure>\n\n\n\n<p>T\u00f8mrermester Jonas Munch driver enkeltmandsvirksomhed med base i Veddum i \u00d8sthimmerland \u2013 t\u00e6t ved \u00d8ster Hurup.<\/p>\n\n\n\n<p>Med flere \u00e5rs erfaring fra forskellige t\u00f8mrervirksomheder og en baggrund som udl\u00e6rt ved t\u00f8mrermester Jan Munch, K\u00e6rvejens Snedker og T\u00f8mrer, udf\u00f8res alle typer opgaver inden for t\u00f8mrerfaget.<\/p>\n\n\n\n<p>Der arbejdes med b\u00e5de nybyggeri, renovering og tilbygninger &#8211; giv et kald p\u00e5<strong> +4542720050.<\/strong><\/p>\n\n\n\n<p>Herunder eksempler p\u00e5 hvad, der tilbydes.<\/p>\n\n\n\n<hr class=\"wp-block-separator has-alpha-channel-opacity\"\/>\n\n\n\n<h2 class=\"wp-block-heading\">Tagarbejde og renovering<\/h2>\n\n\n\n<p>Der udf\u00f8res alt inden for tagarbejde, herunder:<\/p>\n\n\n\n<ul class=\"wp-block-list\">\n<li>Nye tage i eternit, Decra, tagsten og st\u00e5lplader<\/li>\n\n\n\n<li>Renovering af gavle<\/li>\n\n\n\n<li>Reparation af stormskader<\/li>\n<\/ul>\n\n\n\n<p>Derudover udf\u00f8res renovering og modernisering af \u00e6ldre boliger med fokus p\u00e5 solide og holdbare l\u00f8sninger.<\/p>\n\n\n\n<hr class=\"wp-block-separator has-alpha-channel-opacity\"\/>\n\n\n\n<h2 class=\"wp-block-heading\">D\u00f8re, vinduer og energioptimering<\/h2>\n\n\n\n<p>R\u00e5dgivning og udskftning: <\/p>\n\n\n\n<ul class=\"wp-block-list\">\n<li>Udskiftning af d\u00f8re og vinduer i alle afskygninger<\/li>\n\n\n\n<li>Udskiftning til lavenergi-termoruder<\/li>\n\n\n\n<li>Efterisolering<\/li>\n\n\n\n<li>Nye lofter og gulve<\/li>\n<\/ul>\n\n\n\n<p>Arbejdet udf\u00f8res med fokus p\u00e5 b\u00e5de funktion, \u00e6stetik og energiforbedring.<\/p>\n\n\n\n<hr class=\"wp-block-separator has-alpha-channel-opacity\"\/>\n\n\n\n<h2 class=\"wp-block-heading\">Nybyg, tilbygninger, garager og carporte<\/h2>\n\n\n\n<p>Der opf\u00f8res:<\/p>\n\n\n\n<ul class=\"wp-block-list\">\n<li>Tilbygninger<\/li>\n\n\n\n<li>Carporte<\/li>\n\n\n\n<li>Garager<\/li>\n\n\n\n<li>Mindre nybyggeri<\/li>\n<\/ul>\n\n\n\n<p>Ved st\u00f8rre projekter inddrages faste og kompetente samarbejdspartnere, s\u00e5 hele opgaven kan l\u00f8ses samlet.<\/p>\n\n\n\n<hr class=\"wp-block-separator has-alpha-channel-opacity\"\/>\n\n\n\n<h2 class=\"wp-block-heading\">K\u00f8kkener og indend\u00f8rs t\u00f8mrerarbejde<\/h2>\n\n\n\n<p>Der tilbydes:<\/p>\n\n\n\n<ul class=\"wp-block-list\">\n<li>Salg og montering af nye k\u00f8kkener<\/li>\n\n\n\n<li>R\u00e5dgivning i forbindelse med indk\u00f8b<\/li>\n\n\n\n<li>Gulve og lofter<\/li>\n\n\n\n<li>Mindre nybyggeri<\/li>\n<\/ul>\n\n\n\n<p>Derudover udf\u00f8res alt indend\u00f8rs t\u00f8mrer- og snedkerarbejde.<\/p>\n\n\n\n<hr class=\"wp-block-separator has-alpha-channel-opacity\"\/>\n\n\n\n<h2 class=\"wp-block-heading\">R\u00e5dgivning<\/h2>\n\n\n\n<p>Der tilbydes r\u00e5dgivning i forbindelse med alle typer bygge- og renoveringsprojekter \u2013 fra id\u00e9 til f\u00e6rdigt resultat.<\/p>\n\n\n\n<hr class=\"wp-block-separator has-alpha-channel-opacity\"\/>\n\n\n\n<h2 class=\"wp-block-heading\">Samarbejdspartnere<\/h2>\n\n\n\n<figure class=\"wp-block-gallery has-nested-images columns-default is-cropped wp-block-gallery-1 is-layout-flex wp-block-gallery-is-layout-flex\">\n<figure class=\"wp-block-image size-large\"><img loading=\"lazy\" decoding=\"async\" width=\"225\" height=\"225\" data-id=\"11\" src=\"https:\/\/xn--tmrermestermunch-lxb.dk\/wp-content\/uploads\/2026\/02\/index.png\" alt=\"\" class=\"wp-image-11\" srcset=\"https:\/\/xn--tmrermestermunch-lxb.dk\/wp-content\/uploads\/2026\/02\/index.png 225w, https:\/\/xn--tmrermestermunch-lxb.dk\/wp-content\/uploads\/2026\/02\/index-150x150.png 150w\" sizes=\"auto, (max-width: 225px) 100vw, 225px\" \/><\/figure>\n\n\n\n<figure class=\"wp-block-image size-full is-style-default\"><img loading=\"lazy\" decoding=\"async\" width=\"354\" height=\"354\" data-id=\"22\" src=\"https:\/\/xn--tmrermestermunch-lxb.dk\/wp-content\/uploads\/2026\/02\/jan-header.jpg\" alt=\"\" class=\"wp-image-22\" srcset=\"https:\/\/xn--tmrermestermunch-lxb.dk\/wp-content\/uploads\/2026\/02\/jan-header.jpg 354w, https:\/\/xn--tmrermestermunch-lxb.dk\/wp-content\/uploads\/2026\/02\/jan-header-300x300.jpg 300w, https:\/\/xn--tmrermestermunch-lxb.dk\/wp-content\/uploads\/2026\/02\/jan-header-150x150.jpg 150w\" sizes=\"auto, (max-width: 354px) 100vw, 354px\" \/><\/figure>\n<\/figure>\n\n\n\n<hr class=\"wp-block-separator has-alpha-channel-opacity\"\/>\n\n\n\n<h2 class=\"wp-block-heading\">Eksempler p\u00e5 udf\u00f8rt arbejde<\/h2>\n\n\n\n<div class=\"wp-block-columns is-style-default is-layout-flex wp-container-core-columns-is-layout-28f84493 wp-block-columns-is-layout-flex\">\n<div class=\"wp-block-column is-layout-flow wp-block-column-is-layout-flow\" style=\"flex-basis:100%\">\n<figure class=\"wp-block-gallery has-nested-images columns-default is-cropped wp-block-gallery-2 is-layout-flex wp-block-gallery-is-layout-flex\">\n<figure class=\"wp-block-image size-large\"><img loading=\"lazy\" decoding=\"async\" width=\"720\" height=\"540\" data-id=\"34\" src=\"https:\/\/xn--tmrermestermunch-lxb.dk\/wp-content\/uploads\/2026\/02\/gavl4.jpg\" alt=\"\" class=\"wp-image-34\" srcset=\"https:\/\/xn--tmrermestermunch-lxb.dk\/wp-content\/uploads\/2026\/02\/gavl4.jpg 720w, https:\/\/xn--tmrermestermunch-lxb.dk\/wp-content\/uploads\/2026\/02\/gavl4-300x225.jpg 300w\" sizes=\"auto, (max-width: 720px) 100vw, 720px\" \/><\/figure>\n\n\n\n<figure class=\"wp-block-image size-large\"><img loading=\"lazy\" decoding=\"async\" width=\"750\" height=\"543\" data-id=\"32\" src=\"https:\/\/xn--tmrermestermunch-lxb.dk\/wp-content\/uploads\/2026\/02\/gavl.jpg\" alt=\"\" class=\"wp-image-32\" srcset=\"https:\/\/xn--tmrermestermunch-lxb.dk\/wp-content\/uploads\/2026\/02\/gavl.jpg 750w, https:\/\/xn--tmrermestermunch-lxb.dk\/wp-content\/uploads\/2026\/02\/gavl-300x217.jpg 300w\" sizes=\"auto, (max-width: 750px) 100vw, 750px\" \/><\/figure>\n\n\n\n<figure class=\"wp-block-image size-large\"><img loading=\"lazy\" decoding=\"async\" width=\"1024\" height=\"768\" data-id=\"40\" src=\"https:\/\/xn--tmrermestermunch-lxb.dk\/wp-content\/uploads\/2026\/02\/gavl3-1024x768.jpg\" alt=\"\" class=\"wp-image-40\" srcset=\"https:\/\/xn--tmrermestermunch-lxb.dk\/wp-content\/uploads\/2026\/02\/gavl3-1024x768.jpg 1024w, https:\/\/xn--tmrermestermunch-lxb.dk\/wp-content\/uploads\/2026\/02\/gavl3-300x225.jpg 300w, https:\/\/xn--tmrermestermunch-lxb.dk\/wp-content\/uploads\/2026\/02\/gavl3-768x576.jpg 768w, https:\/\/xn--tmrermestermunch-lxb.dk\/wp-content\/uploads\/2026\/02\/gavl3-1536x1152.jpg 1536w, https:\/\/xn--tmrermestermunch-lxb.dk\/wp-content\/uploads\/2026\/02\/gavl3.jpg 2016w\" sizes=\"auto, (max-width: 1024px) 100vw, 1024px\" \/><\/figure>\n\n\n\n<figure class=\"wp-block-image size-large\"><img loading=\"lazy\" decoding=\"async\" width=\"1024\" height=\"768\" data-id=\"35\" src=\"https:\/\/xn--tmrermestermunch-lxb.dk\/wp-content\/uploads\/2026\/02\/cembrit2-1024x768.jpg\" alt=\"\" class=\"wp-image-35\" srcset=\"https:\/\/xn--tmrermestermunch-lxb.dk\/wp-content\/uploads\/2026\/02\/cembrit2-1024x768.jpg 1024w, https:\/\/xn--tmrermestermunch-lxb.dk\/wp-content\/uploads\/2026\/02\/cembrit2-300x225.jpg 300w, https:\/\/xn--tmrermestermunch-lxb.dk\/wp-content\/uploads\/2026\/02\/cembrit2-768x576.jpg 768w, https:\/\/xn--tmrermestermunch-lxb.dk\/wp-content\/uploads\/2026\/02\/cembrit2-1536x1152.jpg 1536w, https:\/\/xn--tmrermestermunch-lxb.dk\/wp-content\/uploads\/2026\/02\/cembrit2.jpg 2016w\" sizes=\"auto, (max-width: 1024px) 100vw, 1024px\" \/><\/figure>\n\n\n\n<figure class=\"wp-block-image size-large\"><img loading=\"lazy\" decoding=\"async\" width=\"1024\" height=\"683\" data-id=\"38\" src=\"https:\/\/xn--tmrermestermunch-lxb.dk\/wp-content\/uploads\/2026\/02\/cembrit4-1024x683.jpg\" alt=\"\" class=\"wp-image-38\" srcset=\"https:\/\/xn--tmrermestermunch-lxb.dk\/wp-content\/uploads\/2026\/02\/cembrit4-1024x683.jpg 1024w, https:\/\/xn--tmrermestermunch-lxb.dk\/wp-content\/uploads\/2026\/02\/cembrit4-300x200.jpg 300w, https:\/\/xn--tmrermestermunch-lxb.dk\/wp-content\/uploads\/2026\/02\/cembrit4-768x512.jpg 768w, https:\/\/xn--tmrermestermunch-lxb.dk\/wp-content\/uploads\/2026\/02\/cembrit4-1536x1024.jpg 1536w, https:\/\/xn--tmrermestermunch-lxb.dk\/wp-content\/uploads\/2026\/02\/cembrit4.jpg 1944w\" sizes=\"auto, (max-width: 1024px) 100vw, 1024px\" \/><\/figure>\n\n\n\n<figure class=\"wp-block-image size-large\"><img loading=\"lazy\" decoding=\"async\" width=\"1024\" height=\"768\" data-id=\"39\" src=\"https:\/\/xn--tmrermestermunch-lxb.dk\/wp-content\/uploads\/2026\/02\/cembrit3-1024x768.jpg\" alt=\"\" class=\"wp-image-39\" srcset=\"https:\/\/xn--tmrermestermunch-lxb.dk\/wp-content\/uploads\/2026\/02\/cembrit3-1024x768.jpg 1024w, https:\/\/xn--tmrermestermunch-lxb.dk\/wp-content\/uploads\/2026\/02\/cembrit3-300x225.jpg 300w, https:\/\/xn--tmrermestermunch-lxb.dk\/wp-content\/uploads\/2026\/02\/cembrit3-768x576.jpg 768w, https:\/\/xn--tmrermestermunch-lxb.dk\/wp-content\/uploads\/2026\/02\/cembrit3-1536x1152.jpg 1536w, https:\/\/xn--tmrermestermunch-lxb.dk\/wp-content\/uploads\/2026\/02\/cembrit3.jpg 2016w\" sizes=\"auto, (max-width: 1024px) 100vw, 1024px\" \/><\/figure>\n\n\n\n<figure class=\"wp-block-image size-large\"><img loading=\"lazy\" decoding=\"async\" width=\"1024\" height=\"768\" data-id=\"45\" src=\"https:\/\/xn--tmrermestermunch-lxb.dk\/wp-content\/uploads\/2026\/02\/tegltag-1024x768.jpg\" alt=\"\" class=\"wp-image-45\" srcset=\"https:\/\/xn--tmrermestermunch-lxb.dk\/wp-content\/uploads\/2026\/02\/tegltag-1024x768.jpg 1024w, https:\/\/xn--tmrermestermunch-lxb.dk\/wp-content\/uploads\/2026\/02\/tegltag-300x225.jpg 300w, https:\/\/xn--tmrermestermunch-lxb.dk\/wp-content\/uploads\/2026\/02\/tegltag-768x576.jpg 768w, https:\/\/xn--tmrermestermunch-lxb.dk\/wp-content\/uploads\/2026\/02\/tegltag-1536x1152.jpg 1536w, https:\/\/xn--tmrermestermunch-lxb.dk\/wp-content\/uploads\/2026\/02\/tegltag.jpg 2016w\" sizes=\"auto, (max-width: 1024px) 100vw, 1024px\" \/><\/figure>\n\n\n\n<figure class=\"wp-block-image size-large\"><img loading=\"lazy\" decoding=\"async\" width=\"1024\" height=\"768\" data-id=\"44\" src=\"https:\/\/xn--tmrermestermunch-lxb.dk\/wp-content\/uploads\/2026\/02\/tagpap-1024x768.jpg\" alt=\"\" class=\"wp-image-44\" srcset=\"https:\/\/xn--tmrermestermunch-lxb.dk\/wp-content\/uploads\/2026\/02\/tagpap-1024x768.jpg 1024w, https:\/\/xn--tmrermestermunch-lxb.dk\/wp-content\/uploads\/2026\/02\/tagpap-300x225.jpg 300w, https:\/\/xn--tmrermestermunch-lxb.dk\/wp-content\/uploads\/2026\/02\/tagpap-768x576.jpg 768w, https:\/\/xn--tmrermestermunch-lxb.dk\/wp-content\/uploads\/2026\/02\/tagpap-1536x1152.jpg 1536w, https:\/\/xn--tmrermestermunch-lxb.dk\/wp-content\/uploads\/2026\/02\/tagpap.jpg 2016w\" sizes=\"auto, (max-width: 1024px) 100vw, 1024px\" \/><\/figure>\n\n\n\n<figure class=\"wp-block-image size-large\"><img loading=\"lazy\" decoding=\"async\" width=\"1024\" height=\"768\" data-id=\"43\" src=\"https:\/\/xn--tmrermestermunch-lxb.dk\/wp-content\/uploads\/2026\/02\/tag-1024x768.jpg\" alt=\"\" class=\"wp-image-43\" srcset=\"https:\/\/xn--tmrermestermunch-lxb.dk\/wp-content\/uploads\/2026\/02\/tag-1024x768.jpg 1024w, https:\/\/xn--tmrermestermunch-lxb.dk\/wp-content\/uploads\/2026\/02\/tag-300x225.jpg 300w, https:\/\/xn--tmrermestermunch-lxb.dk\/wp-content\/uploads\/2026\/02\/tag-768x576.jpg 768w, https:\/\/xn--tmrermestermunch-lxb.dk\/wp-content\/uploads\/2026\/02\/tag-1536x1152.jpg 1536w, https:\/\/xn--tmrermestermunch-lxb.dk\/wp-content\/uploads\/2026\/02\/tag.jpg 2016w\" sizes=\"auto, (max-width: 1024px) 100vw, 1024px\" \/><\/figure>\n\n\n\n<figure class=\"wp-block-image size-large\"><img loading=\"lazy\" decoding=\"async\" width=\"720\" height=\"540\" data-id=\"36\" src=\"https:\/\/xn--tmrermestermunch-lxb.dk\/wp-content\/uploads\/2026\/02\/terasse.jpg\" alt=\"\" class=\"wp-image-36\" srcset=\"https:\/\/xn--tmrermestermunch-lxb.dk\/wp-content\/uploads\/2026\/02\/terasse.jpg 720w, https:\/\/xn--tmrermestermunch-lxb.dk\/wp-content\/uploads\/2026\/02\/terasse-300x225.jpg 300w\" sizes=\"auto, (max-width: 720px) 100vw, 720px\" \/><\/figure>\n\n\n\n<figure class=\"wp-block-image size-large\"><img loading=\"lazy\" decoding=\"async\" width=\"761\" height=\"424\" data-id=\"47\" src=\"https:\/\/xn--tmrermestermunch-lxb.dk\/wp-content\/uploads\/2026\/02\/terass.jpg\" alt=\"\" class=\"wp-image-47\" srcset=\"https:\/\/xn--tmrermestermunch-lxb.dk\/wp-content\/uploads\/2026\/02\/terass.jpg 761w, https:\/\/xn--tmrermestermunch-lxb.dk\/wp-content\/uploads\/2026\/02\/terass-300x167.jpg 300w\" sizes=\"auto, (max-width: 761px) 100vw, 761px\" \/><\/figure>\n\n\n\n<figure class=\"wp-block-image size-large\"><img loading=\"lazy\" decoding=\"async\" width=\"695\" height=\"444\" data-id=\"46\" src=\"https:\/\/xn--tmrermestermunch-lxb.dk\/wp-content\/uploads\/2026\/02\/teras.jpg\" alt=\"\" class=\"wp-image-46\" srcset=\"https:\/\/xn--tmrermestermunch-lxb.dk\/wp-content\/uploads\/2026\/02\/teras.jpg 695w, https:\/\/xn--tmrermestermunch-lxb.dk\/wp-content\/uploads\/2026\/02\/teras-300x192.jpg 300w\" sizes=\"auto, (max-width: 695px) 100vw, 695px\" \/><\/figure>\n\n\n\n<figure class=\"wp-block-image size-large\"><img loading=\"lazy\" decoding=\"async\" width=\"540\" height=\"960\" data-id=\"41\" src=\"https:\/\/xn--tmrermestermunch-lxb.dk\/wp-content\/uploads\/2026\/02\/trappe.jpg\" alt=\"\" class=\"wp-image-41\" srcset=\"https:\/\/xn--tmrermestermunch-lxb.dk\/wp-content\/uploads\/2026\/02\/trappe.jpg 540w, https:\/\/xn--tmrermestermunch-lxb.dk\/wp-content\/uploads\/2026\/02\/trappe-169x300.jpg 169w\" sizes=\"auto, (max-width: 540px) 100vw, 540px\" \/><\/figure>\n\n\n\n<figure class=\"wp-block-image size-large\"><img loading=\"lazy\" decoding=\"async\" width=\"540\" height=\"960\" data-id=\"42\" src=\"https:\/\/xn--tmrermestermunch-lxb.dk\/wp-content\/uploads\/2026\/02\/trappe3.jpg\" alt=\"\" class=\"wp-image-42\" srcset=\"https:\/\/xn--tmrermestermunch-lxb.dk\/wp-content\/uploads\/2026\/02\/trappe3.jpg 540w, https:\/\/xn--tmrermestermunch-lxb.dk\/wp-content\/uploads\/2026\/02\/trappe3-169x300.jpg 169w\" sizes=\"auto, (max-width: 540px) 100vw, 540px\" \/><\/figure>\n\n\n\n<figure class=\"wp-block-image size-large\"><img loading=\"lazy\" decoding=\"async\" width=\"540\" height=\"960\" data-id=\"33\" src=\"https:\/\/xn--tmrermestermunch-lxb.dk\/wp-content\/uploads\/2026\/02\/trappe2.jpg\" alt=\"\" class=\"wp-image-33\" srcset=\"https:\/\/xn--tmrermestermunch-lxb.dk\/wp-content\/uploads\/2026\/02\/trappe2.jpg 540w, https:\/\/xn--tmrermestermunch-lxb.dk\/wp-content\/uploads\/2026\/02\/trappe2-169x300.jpg 169w\" sizes=\"auto, (max-width: 540px) 100vw, 540px\" \/><\/figure>\n<\/figure>\n<\/div>\n<\/div>\n","protected":false},"excerpt":{"rendered":"<p>Alsidig t\u00f8mrer &#8211; intet projekt er for sm\u00e5t. T\u00f8mrermester Jonas Munch driver enkeltmandsvirksomhed med base i Veddum i \u00d8sthimmerland \u2013 t\u00e6t ved \u00d8ster Hurup. Med flere \u00e5rs erfaring fra forskellige t\u00f8mrervirksomheder og en baggrund som udl\u00e6rt ved t\u00f8mrermester Jan Munch, K\u00e6rvejens Snedker og T\u00f8mrer, udf\u00f8res alle typer opgaver inden for t\u00f8mrerfaget. Der arbejdes med b\u00e5de [&hellip;]<\/p>\n","protected":false},"author":1,"featured_media":0,"parent":0,"menu_order":0,"comment_status":"closed","ping_status":"open","template":"","meta":{"footnotes":""},"class_list":["post-2","page","type-page","status-publish","hentry"],"_links":{"self":[{"href":"https:\/\/t\u00f8mrermestermunch.dk\/index.php?rest_route=\/wp\/v2\/pages\/2","targetHints":{"allow":["GET"]}}],"collection":[{"href":"https:\/\/t\u00f8mrermestermunch.dk\/index.php?rest_route=\/wp\/v2\/pages"}],"about":[{"href":"https:\/\/t\u00f8mrermestermunch.dk\/index.php?rest_route=\/wp\/v2\/types\/page"}],"author":[{"embeddable":true,"href":"https:\/\/t\u00f8mrermestermunch.dk\/index.php?rest_route=\/wp\/v2\/users\/1"}],"replies":[{"embeddable":true,"href":"https:\/\/t\u00f8mrermestermunch.dk\/index.php?rest_route=%2Fwp%2Fv2%2Fcomments&post=2"}],"version-history":[{"count":6,"href":"https:\/\/t\u00f8mrermestermunch.dk\/index.php?rest_route=\/wp\/v2\/pages\/2\/revisions"}],"predecessor-version":[{"id":49,"href":"https:\/\/t\u00f8mrermestermunch.dk\/index.php?rest_route=\/wp\/v2\/pages\/2\/revisions\/49"}],"wp:attachment":[{"href":"https:\/\/t\u00f8mrermestermunch.dk\/index.php?rest_route=%2Fwp%2Fv2%2Fmedia&parent=2"}],"curies":[{"name":"wp","href":"https:\/\/api.w.org\/{rel}","templated":true}]}}